{"id":107,"date":"2020-05-07T02:17:32","date_gmt":"2020-05-07T02:17:32","guid":{"rendered":"https:\/\/catedra.pucp.edu.pe\/unesco\/?page_id=107"},"modified":"2024-03-27T15:14:45","modified_gmt":"2024-03-27T20:14:45","slug":"inclusion-del-nombre-social","status":"publish","type":"page","link":"https:\/\/catedra.pucp.edu.pe\/unesco\/igualdad-de-genero-pucp\/inclusion-del-nombre-social\/","title":{"rendered":"Inclusi\u00f3n del nombre social"},"content":{"rendered":"\n<p><\/p>\n\n\n\n<p><\/p>\n","protected":false},"excerpt":{"rendered":"","protected":false},"author":4,"featured_media":0,"parent":93,"menu_order":3,"comment_status":"closed","ping_status":"closed","template":"","meta":{"_acf_changed":false,"footnotes":""},"class_list":["post-107","page","type-page","status-publish","hentry"],"acf":[],"yoast_head":"<!-- This site is optimized with the Yoast SEO plugin v27.0 - https:\/\/yoast.com\/product\/yoast-seo-wordpress\/ -->\n<title>Inclusi\u00f3n del nombre social - C\u00e1tedra UNESCO de Igualdad de G\u00e9nero en Instituciones de Educaci\u00f3n Superior<\/title>\n<meta name=\"robots\" content=\"index, follow, max-snippet:-1, max-image-preview:large, max-video-preview:-1\" \/>\n<link rel=\"canonical\" href=\"https:\/\/catedra.pucp.edu.pe\/unesco\/igualdad-de-genero-pucp\/inclusion-del-nombre-social\/\" \/>\n<meta property=\"og:locale\" content=\"es_ES\" \/>\n<meta property=\"og:type\" content=\"article\" \/>\n<meta property=\"og:title\" content=\"Inclusi\u00f3n del nombre social - C\u00e1tedra UNESCO de Igualdad de G\u00e9nero en Instituciones de Educaci\u00f3n Superior\" \/>\n<meta property=\"og:url\" content=\"https:\/\/catedra.pucp.edu.pe\/unesco\/igualdad-de-genero-pucp\/inclusion-del-nombre-social\/\" \/>\n<meta property=\"og:site_name\" content=\"C\u00e1tedra UNESCO de Igualdad de G\u00e9nero en Instituciones de Educaci\u00f3n Superior\" \/>\n<meta property=\"article:modified_time\" content=\"2024-03-27T20:14:45+00:00\" \/>\n<meta name=\"twitter:card\" content=\"summary_large_image\" \/>\n<script type=\"application\/ld+json\" class=\"yoast-schema-graph\">{\"@context\":\"https:\/\/schema.org\",\"@graph\":[{\"@type\":\"WebPage\",\"@id\":\"https:\/\/catedra.pucp.edu.pe\/unesco\/igualdad-de-genero-pucp\/inclusion-del-nombre-social\/\",\"url\":\"https:\/\/catedra.pucp.edu.pe\/unesco\/igualdad-de-genero-pucp\/inclusion-del-nombre-social\/\",\"name\":\"Inclusi\u00f3n del nombre social - C\u00e1tedra UNESCO de Igualdad de G\u00e9nero en Instituciones de Educaci\u00f3n Superior\",\"isPartOf\":{\"@id\":\"https:\/\/catedra.pucp.edu.pe\/unesco\/#website\"},\"datePublished\":\"2020-05-07T02:17:32+00:00\",\"dateModified\":\"2024-03-27T20:14:45+00:00\",\"breadcrumb\":{\"@id\":\"https:\/\/catedra.pucp.edu.pe\/unesco\/igualdad-de-genero-pucp\/inclusion-del-nombre-social\/#breadcrumb\"},\"inLanguage\":\"es-PE\",\"potentialAction\":[{\"@type\":\"ReadAction\",\"target\":[\"https:\/\/catedra.pucp.edu.pe\/unesco\/igualdad-de-genero-pucp\/inclusion-del-nombre-social\/\"]}]},{\"@type\":\"BreadcrumbList\",\"@id\":\"https:\/\/catedra.pucp.edu.pe\/unesco\/igualdad-de-genero-pucp\/inclusion-del-nombre-social\/#breadcrumb\",\"itemListElement\":[{\"@type\":\"ListItem\",\"position\":1,\"name\":\"Portada\",\"item\":\"https:\/\/catedra.pucp.edu.pe\/unesco\/\"},{\"@type\":\"ListItem\",\"position\":2,\"name\":\"Igualdad de G\u00e9nero PUCP\",\"item\":\"https:\/\/catedra.pucp.edu.pe\/unesco\/igualdad-de-genero-pucp\/\"},{\"@type\":\"ListItem\",\"position\":3,\"name\":\"Inclusi\u00f3n del nombre social\"}]},{\"@type\":\"WebSite\",\"@id\":\"https:\/\/catedra.pucp.edu.pe\/unesco\/#website\",\"url\":\"https:\/\/catedra.pucp.edu.pe\/unesco\/\",\"name\":\"C\u00e1tedra UNESCO de Igualdad de G\u00e9nero en Instituciones de Educaci\u00f3n Superior\",\"description\":\"Unesco PUCP\",\"potentialAction\":[{\"@type\":\"SearchAction\",\"target\":{\"@type\":\"EntryPoint\",\"urlTemplate\":\"https:\/\/catedra.pucp.edu.pe\/unesco\/?s={search_term_string}\"},\"query-input\":{\"@type\":\"PropertyValueSpecification\",\"valueRequired\":true,\"valueName\":\"search_term_string\"}}],\"inLanguage\":\"es-PE\"}]}<\/script>\n<!-- \/ Yoast SEO plugin. -->","yoast_head_json":{"title":"Inclusi\u00f3n del nombre social - C\u00e1tedra UNESCO de Igualdad de G\u00e9nero en Instituciones de Educaci\u00f3n Superior","robots":{"index":"index","follow":"follow","max-snippet":"max-snippet:-1","max-image-preview":"max-image-preview:large","max-video-preview":"max-video-preview:-1"},"canonical":"https:\/\/catedra.pucp.edu.pe\/unesco\/igualdad-de-genero-pucp\/inclusion-del-nombre-social\/","og_locale":"es_ES","og_type":"article","og_title":"Inclusi\u00f3n del nombre social - C\u00e1tedra UNESCO de Igualdad de G\u00e9nero en Instituciones de Educaci\u00f3n Superior","og_url":"https:\/\/catedra.pucp.edu.pe\/unesco\/igualdad-de-genero-pucp\/inclusion-del-nombre-social\/","og_site_name":"C\u00e1tedra UNESCO de Igualdad de G\u00e9nero en Instituciones de Educaci\u00f3n Superior","article_modified_time":"2024-03-27T20:14:45+00:00","twitter_card":"summary_large_image","schema":{"@context":"https:\/\/schema.org","@graph":[{"@type":"WebPage","@id":"https:\/\/catedra.pucp.edu.pe\/unesco\/igualdad-de-genero-pucp\/inclusion-del-nombre-social\/","url":"https:\/\/catedra.pucp.edu.pe\/unesco\/igualdad-de-genero-pucp\/inclusion-del-nombre-social\/","name":"Inclusi\u00f3n del nombre social - C\u00e1tedra UNESCO de Igualdad de G\u00e9nero en Instituciones de Educaci\u00f3n Superior","isPartOf":{"@id":"https:\/\/catedra.pucp.edu.pe\/unesco\/#website"},"datePublished":"2020-05-07T02:17:32+00:00","dateModified":"2024-03-27T20:14:45+00:00","breadcrumb":{"@id":"https:\/\/catedra.pucp.edu.pe\/unesco\/igualdad-de-genero-pucp\/inclusion-del-nombre-social\/#breadcrumb"},"inLanguage":"es-PE","potentialAction":[{"@type":"ReadAction","target":["https:\/\/catedra.pucp.edu.pe\/unesco\/igualdad-de-genero-pucp\/inclusion-del-nombre-social\/"]}]},{"@type":"BreadcrumbList","@id":"https:\/\/catedra.pucp.edu.pe\/unesco\/igualdad-de-genero-pucp\/inclusion-del-nombre-social\/#breadcrumb","itemListElement":[{"@type":"ListItem","position":1,"name":"Portada","item":"https:\/\/catedra.pucp.edu.pe\/unesco\/"},{"@type":"ListItem","position":2,"name":"Igualdad de G\u00e9nero PUCP","item":"https:\/\/catedra.pucp.edu.pe\/unesco\/igualdad-de-genero-pucp\/"},{"@type":"ListItem","position":3,"name":"Inclusi\u00f3n del nombre social"}]},{"@type":"WebSite","@id":"https:\/\/catedra.pucp.edu.pe\/unesco\/#website","url":"https:\/\/catedra.pucp.edu.pe\/unesco\/","name":"C\u00e1tedra UNESCO de Igualdad de G\u00e9nero en Instituciones de Educaci\u00f3n Superior","description":"Unesco PUCP","potentialAction":[{"@type":"SearchAction","target":{"@type":"EntryPoint","urlTemplate":"https:\/\/catedra.pucp.edu.pe\/unesco\/?s={search_term_string}"},"query-input":{"@type":"PropertyValueSpecification","valueRequired":true,"valueName":"search_term_string"}}],"inLanguage":"es-PE"}]}},"_links":{"self":[{"href":"https:\/\/catedra.pucp.edu.pe\/unesco\/wp-json\/wp\/v2\/pages\/107","targetHints":{"allow":["GET"]}}],"collection":[{"href":"https:\/\/catedra.pucp.edu.pe\/unesco\/wp-json\/wp\/v2\/pages"}],"about":[{"href":"https:\/\/catedra.pucp.edu.pe\/unesco\/wp-json\/wp\/v2\/types\/page"}],"author":[{"embeddable":true,"href":"https:\/\/catedra.pucp.edu.pe\/unesco\/wp-json\/wp\/v2\/users\/4"}],"replies":[{"embeddable":true,"href":"https:\/\/catedra.pucp.edu.pe\/unesco\/wp-json\/wp\/v2\/comments?post=107"}],"version-history":[{"count":57,"href":"https:\/\/catedra.pucp.edu.pe\/unesco\/wp-json\/wp\/v2\/pages\/107\/revisions"}],"predecessor-version":[{"id":1869,"href":"https:\/\/catedra.pucp.edu.pe\/unesco\/wp-json\/wp\/v2\/pages\/107\/revisions\/1869"}],"up":[{"embeddable":true,"href":"https:\/\/catedra.pucp.edu.pe\/unesco\/wp-json\/wp\/v2\/pages\/93"}],"wp:attachment":[{"href":"https:\/\/catedra.pucp.edu.pe\/unesco\/wp-json\/wp\/v2\/media?parent=107"}],"curies":[{"name":"wp","href":"https:\/\/api.w.org\/{rel}","templated":true}]}}