{"id":45,"date":"2020-05-06T02:51:54","date_gmt":"2020-05-06T02:51:54","guid":{"rendered":"https:\/\/catedra.pucp.edu.pe\/unesco\/?page_id=45"},"modified":"2022-06-24T17:51:31","modified_gmt":"2022-06-24T22:51:31","slug":"quienes-somos","status":"publish","type":"page","link":"https:\/\/catedra.pucp.edu.pe\/unesco\/quienes-somos\/","title":{"rendered":"Qui\u00e9nes somos"},"content":{"rendered":"","protected":false},"excerpt":{"rendered":"","protected":false},"author":4,"featured_media":0,"parent":0,"menu_order":0,"comment_status":"closed","ping_status":"closed","template":"","meta":{"_acf_changed":false,"footnotes":""},"class_list":["post-45","page","type-page","status-publish","hentry"],"acf":[],"yoast_head":"<!-- This site is optimized with the Yoast SEO plugin v27.0 - https:\/\/yoast.com\/product\/yoast-seo-wordpress\/ -->\n<title>Qui\u00e9nes somos - C\u00e1tedra UNESCO de Igualdad de G\u00e9nero en Instituciones de Educaci\u00f3n Superior<\/title>\n<meta name=\"robots\" content=\"index, follow, max-snippet:-1, max-image-preview:large, max-video-preview:-1\" \/>\n<link rel=\"canonical\" href=\"https:\/\/catedra.pucp.edu.pe\/unesco\/quienes-somos\/\" \/>\n<meta property=\"og:locale\" content=\"es_ES\" \/>\n<meta property=\"og:type\" content=\"article\" \/>\n<meta property=\"og:title\" content=\"Qui\u00e9nes somos - C\u00e1tedra UNESCO de Igualdad de G\u00e9nero en Instituciones de Educaci\u00f3n Superior\" \/>\n<meta property=\"og:url\" content=\"https:\/\/catedra.pucp.edu.pe\/unesco\/quienes-somos\/\" \/>\n<meta property=\"og:site_name\" content=\"C\u00e1tedra UNESCO de Igualdad de G\u00e9nero en Instituciones de Educaci\u00f3n Superior\" \/>\n<meta property=\"article:modified_time\" content=\"2022-06-24T22:51:31+00:00\" \/>\n<meta name=\"twitter:card\" content=\"summary_large_image\" \/>\n<script type=\"application\/ld+json\" class=\"yoast-schema-graph\">{\"@context\":\"https:\/\/schema.org\",\"@graph\":[{\"@type\":\"WebPage\",\"@id\":\"https:\/\/catedra.pucp.edu.pe\/unesco\/quienes-somos\/\",\"url\":\"https:\/\/catedra.pucp.edu.pe\/unesco\/quienes-somos\/\",\"name\":\"Qui\u00e9nes somos - C\u00e1tedra UNESCO de Igualdad de G\u00e9nero en Instituciones de Educaci\u00f3n Superior\",\"isPartOf\":{\"@id\":\"https:\/\/catedra.pucp.edu.pe\/unesco\/#website\"},\"datePublished\":\"2020-05-06T02:51:54+00:00\",\"dateModified\":\"2022-06-24T22:51:31+00:00\",\"breadcrumb\":{\"@id\":\"https:\/\/catedra.pucp.edu.pe\/unesco\/quienes-somos\/#breadcrumb\"},\"inLanguage\":\"es-PE\",\"potentialAction\":[{\"@type\":\"ReadAction\",\"target\":[\"https:\/\/catedra.pucp.edu.pe\/unesco\/quienes-somos\/\"]}]},{\"@type\":\"BreadcrumbList\",\"@id\":\"https:\/\/catedra.pucp.edu.pe\/unesco\/quienes-somos\/#breadcrumb\",\"itemListElement\":[{\"@type\":\"ListItem\",\"position\":1,\"name\":\"Portada\",\"item\":\"https:\/\/catedra.pucp.edu.pe\/unesco\/\"},{\"@type\":\"ListItem\",\"position\":2,\"name\":\"Qui\u00e9nes somos\"}]},{\"@type\":\"WebSite\",\"@id\":\"https:\/\/catedra.pucp.edu.pe\/unesco\/#website\",\"url\":\"https:\/\/catedra.pucp.edu.pe\/unesco\/\",\"name\":\"C\u00e1tedra UNESCO de Igualdad de G\u00e9nero en Instituciones de Educaci\u00f3n Superior\",\"description\":\"Unesco PUCP\",\"potentialAction\":[{\"@type\":\"SearchAction\",\"target\":{\"@type\":\"EntryPoint\",\"urlTemplate\":\"https:\/\/catedra.pucp.edu.pe\/unesco\/?s={search_term_string}\"},\"query-input\":{\"@type\":\"PropertyValueSpecification\",\"valueRequired\":true,\"valueName\":\"search_term_string\"}}],\"inLanguage\":\"es-PE\"}]}<\/script>\n<!-- \/ Yoast SEO plugin. -->","yoast_head_json":{"title":"Qui\u00e9nes somos - C\u00e1tedra UNESCO de Igualdad de G\u00e9nero en Instituciones de Educaci\u00f3n Superior","robots":{"index":"index","follow":"follow","max-snippet":"max-snippet:-1","max-image-preview":"max-image-preview:large","max-video-preview":"max-video-preview:-1"},"canonical":"https:\/\/catedra.pucp.edu.pe\/unesco\/quienes-somos\/","og_locale":"es_ES","og_type":"article","og_title":"Qui\u00e9nes somos - C\u00e1tedra UNESCO de Igualdad de G\u00e9nero en Instituciones de Educaci\u00f3n Superior","og_url":"https:\/\/catedra.pucp.edu.pe\/unesco\/quienes-somos\/","og_site_name":"C\u00e1tedra UNESCO de Igualdad de G\u00e9nero en Instituciones de Educaci\u00f3n Superior","article_modified_time":"2022-06-24T22:51:31+00:00","twitter_card":"summary_large_image","schema":{"@context":"https:\/\/schema.org","@graph":[{"@type":"WebPage","@id":"https:\/\/catedra.pucp.edu.pe\/unesco\/quienes-somos\/","url":"https:\/\/catedra.pucp.edu.pe\/unesco\/quienes-somos\/","name":"Qui\u00e9nes somos - C\u00e1tedra UNESCO de Igualdad de G\u00e9nero en Instituciones de Educaci\u00f3n Superior","isPartOf":{"@id":"https:\/\/catedra.pucp.edu.pe\/unesco\/#website"},"datePublished":"2020-05-06T02:51:54+00:00","dateModified":"2022-06-24T22:51:31+00:00","breadcrumb":{"@id":"https:\/\/catedra.pucp.edu.pe\/unesco\/quienes-somos\/#breadcrumb"},"inLanguage":"es-PE","potentialAction":[{"@type":"ReadAction","target":["https:\/\/catedra.pucp.edu.pe\/unesco\/quienes-somos\/"]}]},{"@type":"BreadcrumbList","@id":"https:\/\/catedra.pucp.edu.pe\/unesco\/quienes-somos\/#breadcrumb","itemListElement":[{"@type":"ListItem","position":1,"name":"Portada","item":"https:\/\/catedra.pucp.edu.pe\/unesco\/"},{"@type":"ListItem","position":2,"name":"Qui\u00e9nes somos"}]},{"@type":"WebSite","@id":"https:\/\/catedra.pucp.edu.pe\/unesco\/#website","url":"https:\/\/catedra.pucp.edu.pe\/unesco\/","name":"C\u00e1tedra UNESCO de Igualdad de G\u00e9nero en Instituciones de Educaci\u00f3n Superior","description":"Unesco PUCP","potentialAction":[{"@type":"SearchAction","target":{"@type":"EntryPoint","urlTemplate":"https:\/\/catedra.pucp.edu.pe\/unesco\/?s={search_term_string}"},"query-input":{"@type":"PropertyValueSpecification","valueRequired":true,"valueName":"search_term_string"}}],"inLanguage":"es-PE"}]}},"_links":{"self":[{"href":"https:\/\/catedra.pucp.edu.pe\/unesco\/wp-json\/wp\/v2\/pages\/45","targetHints":{"allow":["GET"]}}],"collection":[{"href":"https:\/\/catedra.pucp.edu.pe\/unesco\/wp-json\/wp\/v2\/pages"}],"about":[{"href":"https:\/\/catedra.pucp.edu.pe\/unesco\/wp-json\/wp\/v2\/types\/page"}],"author":[{"embeddable":true,"href":"https:\/\/catedra.pucp.edu.pe\/unesco\/wp-json\/wp\/v2\/users\/4"}],"replies":[{"embeddable":true,"href":"https:\/\/catedra.pucp.edu.pe\/unesco\/wp-json\/wp\/v2\/comments?post=45"}],"version-history":[{"count":6,"href":"https:\/\/catedra.pucp.edu.pe\/unesco\/wp-json\/wp\/v2\/pages\/45\/revisions"}],"predecessor-version":[{"id":1711,"href":"https:\/\/catedra.pucp.edu.pe\/unesco\/wp-json\/wp\/v2\/pages\/45\/revisions\/1711"}],"wp:attachment":[{"href":"https:\/\/catedra.pucp.edu.pe\/unesco\/wp-json\/wp\/v2\/media?parent=45"}],"curies":[{"name":"wp","href":"https:\/\/api.w.org\/{rel}","templated":true}]}}